{"id":1115,"date":"2014-02-05T22:04:48","date_gmt":"2014-02-05T21:04:48","guid":{"rendered":"http:\/\/userweb.pedf.cuni.cz\/krl\/?page_id=1115"},"modified":"2020-05-02T22:31:27","modified_gmt":"2020-05-02T20:31:27","slug":"literatura-rj","status":"publish","type":"page","link":"https:\/\/krl.pedf.cuni.cz\/index.php\/pro-studenty-2\/literatura-rj\/","title":{"rendered":"Literatura RJ"},"content":{"rendered":"<p>Seznam povinn\u00e9 a doporu\u010den\u00e9 \u010detby z rusk\u00e9 literatury (klasick\u00e1 literatura, literatura 20. stolet\u00ed)<\/p>\n<ul>\n<li><a href=\"http:\/\/krl.pedf.cuni.cz\/wp-content\/uploads\/2014\/02\/literatura_klasicka_odkazy-1.doc\">Klasick\u00e1 rusk\u00e1 literatura<\/a><\/li>\n<li><a href=\"http:\/\/krl.pedf.cuni.cz\/wp-content\/uploads\/2014\/02\/litsezbak.doc\">Rusk\u00e1 literatura 20. stolet\u00ed<\/a><\/li>\n<li><a href=\"http:\/\/krl.pedf.cuni.cz\/wp-content\/uploads\/2014\/02\/LITRES.pdf\">Souhrnn\u00e1 informace o port\u00e1lu www.litres.ru<\/a><\/li>\n<\/ul>\n","protected":false},"excerpt":{"rendered":"<p>Seznam povinn\u00e9 a doporu\u010den\u00e9 \u010detby z rusk\u00e9 literatury (klasick\u00e1 literatura, literatura 20. stolet\u00ed) Klasick\u00e1 rusk\u00e1 literatura Rusk\u00e1 literatura 20. stolet\u00ed Souhrnn\u00e1 informace o port\u00e1lu www.litres.ru<\/p>\n","protected":false},"author":1,"featured_media":0,"parent":313,"menu_order":0,"comment_status":"closed","ping_status":"closed","template":"","meta":{"ngg_post_thumbnail":0,"footnotes":""},"class_list":["post-1115","page","type-page","status-publish","hentry"],"_links":{"self":[{"href":"https:\/\/krl.pedf.cuni.cz\/index.php\/wp-json\/wp\/v2\/pages\/1115"}],"collection":[{"href":"https:\/\/krl.pedf.cuni.cz\/index.php\/wp-json\/wp\/v2\/pages"}],"about":[{"href":"https:\/\/krl.pedf.cuni.cz\/index.php\/wp-json\/wp\/v2\/types\/page"}],"author":[{"embeddable":true,"href":"https:\/\/krl.pedf.cuni.cz\/index.php\/wp-json\/wp\/v2\/users\/1"}],"replies":[{"embeddable":true,"href":"https:\/\/krl.pedf.cuni.cz\/index.php\/wp-json\/wp\/v2\/comments?post=1115"}],"version-history":[{"count":2,"href":"https:\/\/krl.pedf.cuni.cz\/index.php\/wp-json\/wp\/v2\/pages\/1115\/revisions"}],"predecessor-version":[{"id":3819,"href":"https:\/\/krl.pedf.cuni.cz\/index.php\/wp-json\/wp\/v2\/pages\/1115\/revisions\/3819"}],"up":[{"embeddable":true,"href":"https:\/\/krl.pedf.cuni.cz\/index.php\/wp-json\/wp\/v2\/pages\/313"}],"wp:attachment":[{"href":"https:\/\/krl.pedf.cuni.cz\/index.php\/wp-json\/wp\/v2\/media?parent=1115"}],"curies":[{"name":"wp","href":"https:\/\/api.w.org\/{rel}","templated":true}]}}