{"id":2574,"date":"2016-12-12T15:28:22","date_gmt":"2016-12-12T15:28:22","guid":{"rendered":"http:\/\/krl.pedf.cuni.cz\/?page_id=2574"},"modified":"2025-09-01T23:12:17","modified_gmt":"2025-09-01T21:12:17","slug":"czv","status":"publish","type":"page","link":"https:\/\/krl.pedf.cuni.cz\/index.php\/czv\/","title":{"rendered":"C\u017dV"},"content":{"rendered":"\n<p>Nab\u00eddka program\u016f celo\u017eivotn\u00edho vzd\u011bl\u00e1v\u00e1n\u00ed na kated\u0159e rusistiky a lingvodidaktiky<\/p>\n\n\n\n<h3 class=\"wp-block-heading\">Vzd\u011bl\u00e1vac\u00ed programy C\u017dV &#8211; z\u00e1jmov\u00e9 i programy na v\u00fdkon povol\u00e1n\u00ed<\/h3>\n\n\n\n<p>Aktu\u00e1ln\u00ed nab\u00eddku semin\u00e1\u0159\u016f v\u010d. term\u00edn\u016f kon\u00e1n\u00ed a ve\u0161ker\u00fdch informac\u00ed pot\u0159ebn\u00fdch k p\u0159ihl\u00e1\u0161en\u00ed naleznete na webov\u00fdch str\u00e1nk\u00e1ch <a rel=\"noreferrer noopener\" href=\"https:\/\/pages.pedf.cuni.cz\/czv\/\" target=\"_blank\">Centra celo\u017eivotn\u00edho vzd\u011bl\u00e1v\u00e1n\u00ed Pedagogick\u00e9 fakulty UK<\/a> a tak\u00e9 <a rel=\"noreferrer noopener\" href=\"https:\/\/is.cuni.cz\/studium\/ekczv\/index.php?KEY=Az1\" target=\"_blank\">v univerzitn\u00edm kalatog\u016f program\u016f C\u017dV<\/a>.<\/p>\n\n\n\n<p>Ve\u0161ker\u00e9 aktu\u00e1ln\u00ed informace k jednotliv\u00fdm program\u016fm v\u010d. term\u00edn\u016f p\u0159ihla\u0161ov\u00e1n\u00ed a kon\u00e1n\u00ed naleznete na v\u00fd\u0161e uveden\u00fdch str\u00e1nk\u00e1ch.<\/p>\n\n\n\n<p>S ve\u0161ker\u00fdmi dotazy se m\u016f\u017eete obracet na odborn\u00e9 garanty jednotliv\u00fdch vzd\u011bl\u00e1vac\u00edch program\u016f nebo na Liudmilu Hu\u0161kovou, garantku studia C\u017dV program\u016f na kated\u0159e.<\/p>\n","protected":false},"excerpt":{"rendered":"<p>Nab\u00eddka program\u016f celo\u017eivotn\u00edho vzd\u011bl\u00e1v\u00e1n\u00ed na kated\u0159e rusistiky a lingvodidaktiky Vzd\u011bl\u00e1vac\u00ed programy C\u017dV &#8211; z\u00e1jmov\u00e9 i programy na v\u00fdkon povol\u00e1n\u00ed Aktu\u00e1ln\u00ed nab\u00eddku semin\u00e1\u0159\u016f v\u010d. term\u00edn\u016f kon\u00e1n\u00ed a ve\u0161ker\u00fdch informac\u00ed pot\u0159ebn\u00fdch k p\u0159ihl\u00e1\u0161en\u00ed naleznete na webov\u00fdch str\u00e1nk\u00e1ch Centra celo\u017eivotn\u00edho vzd\u011bl\u00e1v\u00e1n\u00ed Pedagogick\u00e9 fakulty UK a tak\u00e9 v univerzitn\u00edm kalatog\u016f program\u016f C\u017dV. Ve\u0161ker\u00e9 aktu\u00e1ln\u00ed informace k jednotliv\u00fdm program\u016fm v\u010d. [&hellip;]<\/p>\n","protected":false},"author":1,"featured_media":0,"parent":0,"menu_order":6,"comment_status":"closed","ping_status":"closed","template":"","meta":{"ngg_post_thumbnail":0,"footnotes":""},"class_list":["post-2574","page","type-page","status-publish","hentry"],"_links":{"self":[{"href":"https:\/\/krl.pedf.cuni.cz\/index.php\/wp-json\/wp\/v2\/pages\/2574"}],"collection":[{"href":"https:\/\/krl.pedf.cuni.cz\/index.php\/wp-json\/wp\/v2\/pages"}],"about":[{"href":"https:\/\/krl.pedf.cuni.cz\/index.php\/wp-json\/wp\/v2\/types\/page"}],"author":[{"embeddable":true,"href":"https:\/\/krl.pedf.cuni.cz\/index.php\/wp-json\/wp\/v2\/users\/1"}],"replies":[{"embeddable":true,"href":"https:\/\/krl.pedf.cuni.cz\/index.php\/wp-json\/wp\/v2\/comments?post=2574"}],"version-history":[{"count":16,"href":"https:\/\/krl.pedf.cuni.cz\/index.php\/wp-json\/wp\/v2\/pages\/2574\/revisions"}],"predecessor-version":[{"id":4417,"href":"https:\/\/krl.pedf.cuni.cz\/index.php\/wp-json\/wp\/v2\/pages\/2574\/revisions\/4417"}],"wp:attachment":[{"href":"https:\/\/krl.pedf.cuni.cz\/index.php\/wp-json\/wp\/v2\/media?parent=2574"}],"curies":[{"name":"wp","href":"https:\/\/api.w.org\/{rel}","templated":true}]}}