{"id":312,"date":"2012-11-18T10:26:22","date_gmt":"2012-11-18T10:26:22","guid":{"rendered":"http:\/\/www.krl.8u.cz\/?page_id=101"},"modified":"2025-09-01T23:13:51","modified_gmt":"2025-09-01T21:13:51","slug":"pracovnici-2","status":"publish","type":"page","link":"https:\/\/krl.pedf.cuni.cz\/index.php\/pracovnici-2\/","title":{"rendered":"Pracovn\u00edci"},"content":{"rendered":"\n<h2 class=\"wp-block-heading has-text-align-center\">Veden\u00ed katedry<\/h2>\n\n\n\n<h3 class=\"wp-block-heading\">PhDr. Lenka Rozboudov\u00e1, Ph.D. <\/h3>\n\n\n\n<ul class=\"wp-block-list\">\n<li>vedouc\u00ed katedry <\/li>\n<\/ul>\n\n\n\n<p><a href=\"http:\/\/krl.pedf.cuni.cz\/?page_id=3410\">publika\u010dn\u00ed \u010dinnost<\/a><\/p>\n\n\n\n<figure class=\"wp-block-table is-style-stripes\"><table class=\"has-fixed-layout\"><tbody><tr><td>Email<\/td><td>lenka.rozboudova(at)pedf.cuni.cz<\/td><\/tr><tr><td>Konzultace po dohod\u011b<\/td><td>pracovna C119<br><\/td><\/tr><\/tbody><\/table><\/figure>\n\n\n\n<h2 class=\"wp-block-heading has-text-align-center\">Intern\u00ed pracovn\u00edci<\/h2>\n\n\n\n<h3 class=\"wp-block-heading\">Mgr. et Mgr. Mariia Dobrova, Ph.D.<\/h3>\n\n\n\n<ul class=\"wp-block-list\">\n<li>odborn\u00e1 asistentka<\/li>\n\n\n\n<li>koordin\u00e1tor podpory student\u016f se specifick\u00fdmi pot\u0159ebami<\/li>\n<\/ul>\n\n\n\n<p>publika\u010dn\u00ed \u010dinnost<\/p>\n\n\n\n<figure class=\"wp-block-table is-style-stripes\"><table class=\"has-fixed-layout\"><tbody><tr><td>Email<\/td><td>mariia.dobrova(at)pedf.cuni.cz<\/td><\/tr><tr><td>Konzultace po dohod\u011b<\/td><td>pracovna C118<br><\/td><\/tr><\/tbody><\/table><\/figure>\n\n\n\n<h3 class=\"wp-block-heading\">doc. Natalia Ivanovna Getmanenko, CSc.<\/h3>\n\n\n\n<ul class=\"wp-block-list\">\n<li> docent, mimo\u0159\u00e1dn\u00fd profesor UK<\/li>\n<\/ul>\n\n\n\n<p><a href=\"http:\/\/krl.pedf.cuni.cz\/?page_id=3524\">publika\u010dn\u00ed \u010dinnost<\/a><\/p>\n\n\n\n<figure class=\"wp-block-table is-style-stripes\"><table class=\"has-fixed-layout\"><tbody><tr><td>Email<\/td><td>natalia.getmanenko(at)pedf.cuni.cz ngetmanenko(at)gmail.com<\/td><\/tr><tr><td>Konzultace po dohod\u011b<\/td><td>pracovna C117<\/td><\/tr><\/tbody><\/table><\/figure>\n\n\n\n<h3 class=\"wp-block-heading\">Mgr. Liudmila Hu\u0161kov\u00e1, CSc.<\/h3>\n\n\n\n<ul class=\"wp-block-list\">\n<li>odborn\u00e1 asistentka<\/li>\n\n\n\n<li>koordin\u00e1tor programu ERASMUS+<\/li>\n<\/ul>\n\n\n\n<p>publika\u010dn\u00ed \u010dinnost<\/p>\n\n\n\n<figure class=\"wp-block-table is-style-stripes\"><table class=\"has-fixed-layout\"><tbody><tr><td>Email<\/td><td>liudmila.huskova(at)pedf.cuni.cz<\/td><\/tr><tr><td>Konzultace po dohod\u011b<\/td><td>pracovna C118<br><\/td><\/tr><\/tbody><\/table><\/figure>\n\n\n\n<h2 class=\"wp-block-heading has-text-align-center\">Extern\u00ed spolupracovn\u00edci<\/h2>\n\n\n\n<h3 class=\"wp-block-heading\">doc.PD Dr. phil. Markus Giger<\/h3>\n\n\n\n<ul class=\"wp-block-list\">\n<li> docent, mimo\u0159\u00e1dn\u00fd profesor UK<\/li>\n<\/ul>\n\n\n\n<p><a href=\"https:\/\/uves.ff.cuni.cz\/cs\/doc-dr-phil-markus-giger\/\">publika\u010dn\u00ed \u010dinnost<\/a><\/p>\n\n\n\n<figure class=\"wp-block-table is-style-stripes\"><table class=\"has-fixed-layout\"><tbody><tr><td>Email<\/td><td>markus.giger(at)ff.cuni.cz<\/td><\/tr><tr><td>Konzultace po dohod\u011b<\/td><td>pracovna C118 (v dob\u011b vypsan\u00e9 v\u00fduky)<\/td><\/tr><\/tbody><\/table><\/figure>\n\n\n\n<h3 class=\"wp-block-heading\">doc. PhDr. Mgr. Simona Kory\u010d\u00e1nkov\u00e1, Ph.D.<\/h3>\n\n\n\n<ul class=\"wp-block-list\">\n<li> docent<\/li>\n<\/ul>\n\n\n\n<p><a href=\"http:\/\/www.muni.cz\/lide\/2596-simona-korycankova\" target=\"_blank\" rel=\"noreferrer noopener\">publika\u010dn\u00ed \u010dinnost<\/a><\/p>\n\n\n\n<figure class=\"wp-block-table is-style-stripes\"><table class=\"has-fixed-layout\"><tbody><tr><td>Email<\/td><td>korycankova(at)ped.muni.cz<\/td><\/tr><tr><td>Konzultace po dohod\u011b<\/td><td>pracovna C119 (v dob\u011b vypsan\u00e9 v\u00fduky)<\/td><\/tr><\/tbody><\/table><\/figure>\n\n\n\n<h2 class=\"wp-block-heading has-text-align-center\">Doktorandi<\/h2>\n\n\n\n<ul class=\"wp-block-list\">\n<li>Mgr. Veronika Kaplanov\u00e1, studium p\u0159eru\u0161eno<\/li>\n<\/ul>\n","protected":false},"excerpt":{"rendered":"<p>Veden\u00ed katedry PhDr. Lenka Rozboudov\u00e1, Ph.D. publika\u010dn\u00ed \u010dinnost Email lenka.rozboudova(at)pedf.cuni.cz Konzultace po dohod\u011b pracovna C119 Intern\u00ed pracovn\u00edci Mgr. et Mgr. Mariia Dobrova, Ph.D. publika\u010dn\u00ed \u010dinnost Email mariia.dobrova(at)pedf.cuni.cz Konzultace po dohod\u011b pracovna C118 doc. Natalia Ivanovna Getmanenko, CSc. publika\u010dn\u00ed \u010dinnost Email natalia.getmanenko(at)pedf.cuni.cz ngetmanenko(at)gmail.com Konzultace po dohod\u011b pracovna C117 Mgr. Liudmila Hu\u0161kov\u00e1, CSc. publika\u010dn\u00ed \u010dinnost Email liudmila.huskova(at)pedf.cuni.cz [&hellip;]<\/p>\n","protected":false},"author":1,"featured_media":0,"parent":0,"menu_order":2,"comment_status":"closed","ping_status":"closed","template":"","meta":{"ngg_post_thumbnail":0,"footnotes":""},"class_list":["post-312","page","type-page","status-publish","hentry"],"_links":{"self":[{"href":"https:\/\/krl.pedf.cuni.cz\/index.php\/wp-json\/wp\/v2\/pages\/312"}],"collection":[{"href":"https:\/\/krl.pedf.cuni.cz\/index.php\/wp-json\/wp\/v2\/pages"}],"about":[{"href":"https:\/\/krl.pedf.cuni.cz\/index.php\/wp-json\/wp\/v2\/types\/page"}],"author":[{"embeddable":true,"href":"https:\/\/krl.pedf.cuni.cz\/index.php\/wp-json\/wp\/v2\/users\/1"}],"replies":[{"embeddable":true,"href":"https:\/\/krl.pedf.cuni.cz\/index.php\/wp-json\/wp\/v2\/comments?post=312"}],"version-history":[{"count":25,"href":"https:\/\/krl.pedf.cuni.cz\/index.php\/wp-json\/wp\/v2\/pages\/312\/revisions"}],"predecessor-version":[{"id":4419,"href":"https:\/\/krl.pedf.cuni.cz\/index.php\/wp-json\/wp\/v2\/pages\/312\/revisions\/4419"}],"wp:attachment":[{"href":"https:\/\/krl.pedf.cuni.cz\/index.php\/wp-json\/wp\/v2\/media?parent=312"}],"curies":[{"name":"wp","href":"https:\/\/api.w.org\/{rel}","templated":true}]}}