{"id":313,"date":"2012-11-18T10:32:05","date_gmt":"2012-11-18T10:32:05","guid":{"rendered":"http:\/\/www.krl.8u.cz\/?page_id=107"},"modified":"2024-10-08T14:03:55","modified_gmt":"2024-10-08T12:03:55","slug":"pro-studenty-2","status":"publish","type":"page","link":"https:\/\/krl.pedf.cuni.cz\/index.php\/pro-studenty-2\/","title":{"rendered":"Pro studenty"},"content":{"rendered":"<p><a title=\"St\u00e1tn\u00ed z\u00e1v\u011bre\u010dn\u00e9 zkou\u0161ky\" href=\"http:\/\/krl.pedf.cuni.cz\/?page_id=114\">Informace ke st\u00e1tn\u00edm z\u00e1v\u011bre\u010dn\u00fdm zkou\u0161k\u00e1m<\/a><\/p>\n<p><a title=\"Bakal\u00e1\u0159sk\u00e9 a diplomov\u00e9 pr\u00e1ce\" href=\"http:\/\/krl.pedf.cuni.cz\/?page_id=315\">Informace k z\u00e1v\u011bre\u010dn\u00fd pracem<\/a><\/p>\n<p>&nbsp;<\/p>\n","protected":false},"excerpt":{"rendered":"<p>Informace ke st\u00e1tn\u00edm z\u00e1v\u011bre\u010dn\u00fdm zkou\u0161k\u00e1m Informace k z\u00e1v\u011bre\u010dn\u00fd pracem &nbsp;<\/p>\n","protected":false},"author":1,"featured_media":0,"parent":0,"menu_order":5,"comment_status":"closed","ping_status":"closed","template":"","meta":{"ngg_post_thumbnail":0,"footnotes":""},"class_list":["post-313","page","type-page","status-publish","hentry"],"_links":{"self":[{"href":"https:\/\/krl.pedf.cuni.cz\/index.php\/wp-json\/wp\/v2\/pages\/313"}],"collection":[{"href":"https:\/\/krl.pedf.cuni.cz\/index.php\/wp-json\/wp\/v2\/pages"}],"about":[{"href":"https:\/\/krl.pedf.cuni.cz\/index.php\/wp-json\/wp\/v2\/types\/page"}],"author":[{"embeddable":true,"href":"https:\/\/krl.pedf.cuni.cz\/index.php\/wp-json\/wp\/v2\/users\/1"}],"replies":[{"embeddable":true,"href":"https:\/\/krl.pedf.cuni.cz\/index.php\/wp-json\/wp\/v2\/comments?post=313"}],"version-history":[{"count":1,"href":"https:\/\/krl.pedf.cuni.cz\/index.php\/wp-json\/wp\/v2\/pages\/313\/revisions"}],"predecessor-version":[{"id":4380,"href":"https:\/\/krl.pedf.cuni.cz\/index.php\/wp-json\/wp\/v2\/pages\/313\/revisions\/4380"}],"wp:attachment":[{"href":"https:\/\/krl.pedf.cuni.cz\/index.php\/wp-json\/wp\/v2\/media?parent=313"}],"curies":[{"name":"wp","href":"https:\/\/api.w.org\/{rel}","templated":true}]}}