{"id":315,"date":"2012-11-18T10:33:23","date_gmt":"2012-11-18T10:33:23","guid":{"rendered":"http:\/\/www.krl.8u.cz\/?page_id=117"},"modified":"2025-11-05T19:39:17","modified_gmt":"2025-11-05T18:39:17","slug":"zaverecne-prace","status":"publish","type":"page","link":"https:\/\/krl.pedf.cuni.cz\/index.php\/pro-studenty-2\/zaverecne-prace\/","title":{"rendered":"Bakal\u00e1\u0159sk\u00e9 a diplomov\u00e9 pr\u00e1ce"},"content":{"rendered":"\n<h2 class=\"wp-block-heading\">Platn\u00e9 od akademick\u00e9ho roku 2024\/2025<\/h2>\n\n\n\n<p><strong>Nab\u00edzen\u00e1 t\u00e9mata z\u00e1v\u011bre\u010dn\u00fdch prac\u00ed pro rok 2025\/2026<\/strong> (aktualizov\u00e1no 10. 9. 2025)<\/p>\n\n\n\n<div class=\"wp-block-file\"><a id=\"wp-block-file--media-5134dfeb-a68d-4c32-a73a-54d7ad9f0e88\" href=\"https:\/\/krl.pedf.cuni.cz\/wp-content\/uploads\/2025\/09\/temata-2025-26.docx\">t\u00e9mata 2025-26<\/a><a href=\"https:\/\/krl.pedf.cuni.cz\/wp-content\/uploads\/2025\/09\/temata-2025-26.docx\" class=\"wp-block-file__button wp-element-button\" download aria-describedby=\"wp-block-file--media-5134dfeb-a68d-4c32-a73a-54d7ad9f0e88\">St\u00e1hnout<\/a><\/div>\n\n\n\n<p><strong>Z\u00e1vazn\u00e9 pokyny ke zpracov\u00e1n\u00ed z\u00e1v\u011bre\u010dn\u00e9 pr\u00e1ce<\/strong> (<span style=\"color: #ff0000;\"><strong><mark style=\"background-color:rgba(0, 0, 0, 0)\" class=\"has-inline-color has-vivid-red-color\">aktualizov\u00e1no 5. 11. 2025, toto je jedin\u00e1 platn\u00e1 verze dokumentu<\/mark><\/strong><\/span>)<\/p>\n\n\n\n<div data-wp-interactive=\"core\/file\" class=\"wp-block-file\"><object data-wp-bind--hidden=\"!state.hasPdfPreview\"  class=\"wp-block-file__embed\" data=\"https:\/\/krl.pedf.cuni.cz\/wp-content\/uploads\/2025\/11\/2025_Instrukce_BP_DP.pdf\" type=\"application\/pdf\" style=\"width:100%;height:600px\" aria-label=\"Vlo\u017eit z 2025_Instrukce_BP_DP.\"><\/object><a id=\"wp-block-file--media-eb778618-d7cb-498a-82dd-5fe154d6fea9\" href=\"https:\/\/krl.pedf.cuni.cz\/wp-content\/uploads\/2025\/11\/2025_Instrukce_BP_DP.pdf\">2025_Instrukce_BP_DP<\/a><a href=\"https:\/\/krl.pedf.cuni.cz\/wp-content\/uploads\/2025\/11\/2025_Instrukce_BP_DP.pdf\" class=\"wp-block-file__button wp-element-button\" download aria-describedby=\"wp-block-file--media-eb778618-d7cb-498a-82dd-5fe154d6fea9\">St\u00e1hnout<\/a><\/div>\n\n\n\n<p><strong>Zad\u00e1n\u00ed z\u00e1v\u011bre\u010dn\u00e9 pr\u00e1ce &#8211; intern\u00ed opat\u0159en\u00ed KRL<\/strong> (dokument je platn\u00fd a z\u00e1vazn\u00fd pro studenty, kte\u0159\u00ed budou ps\u00e1t a obhajovat svou z\u00e1v\u011bre\u010dnou pr\u00e1ci na Kated\u0159e rusistiky a lingvodidaktiky)<\/p>\n\n\n\n<div class=\"wp-block-file\"><a id=\"wp-block-file--media-d97b4fc9-fddb-4593-abb7-592ea1bb583c\" href=\"https:\/\/krl.pedf.cuni.cz\/wp-content\/uploads\/2022\/06\/zadani-BP-DP-2022.docx\">zadani-BP-DP-2022<\/a><a href=\"https:\/\/krl.pedf.cuni.cz\/wp-content\/uploads\/2022\/06\/zadani-BP-DP-2022.docx\" class=\"wp-block-file__button wp-element-button\" download aria-describedby=\"wp-block-file--media-d97b4fc9-fddb-4593-abb7-592ea1bb583c\">St\u00e1hnout<\/a><\/div>\n","protected":false},"excerpt":{"rendered":"<p>Platn\u00e9 od akademick\u00e9ho roku 2024\/2025 Nab\u00edzen\u00e1 t\u00e9mata z\u00e1v\u011bre\u010dn\u00fdch prac\u00ed pro rok 2025\/2026 (aktualizov\u00e1no 10. 9. 2025) Z\u00e1vazn\u00e9 pokyny ke zpracov\u00e1n\u00ed z\u00e1v\u011bre\u010dn\u00e9 pr\u00e1ce (aktualizov\u00e1no 5. 11. 2025, toto je jedin\u00e1 platn\u00e1 verze dokumentu) Zad\u00e1n\u00ed z\u00e1v\u011bre\u010dn\u00e9 pr\u00e1ce &#8211; intern\u00ed opat\u0159en\u00ed KRL (dokument je platn\u00fd a z\u00e1vazn\u00fd pro studenty, kte\u0159\u00ed budou ps\u00e1t a obhajovat svou z\u00e1v\u011bre\u010dnou pr\u00e1ci na [&hellip;]<\/p>\n","protected":false},"author":1,"featured_media":0,"parent":313,"menu_order":0,"comment_status":"closed","ping_status":"closed","template":"","meta":{"ngg_post_thumbnail":0,"footnotes":""},"class_list":["post-315","page","type-page","status-publish","hentry"],"_links":{"self":[{"href":"https:\/\/krl.pedf.cuni.cz\/index.php\/wp-json\/wp\/v2\/pages\/315"}],"collection":[{"href":"https:\/\/krl.pedf.cuni.cz\/index.php\/wp-json\/wp\/v2\/pages"}],"about":[{"href":"https:\/\/krl.pedf.cuni.cz\/index.php\/wp-json\/wp\/v2\/types\/page"}],"author":[{"embeddable":true,"href":"https:\/\/krl.pedf.cuni.cz\/index.php\/wp-json\/wp\/v2\/users\/1"}],"replies":[{"embeddable":true,"href":"https:\/\/krl.pedf.cuni.cz\/index.php\/wp-json\/wp\/v2\/comments?post=315"}],"version-history":[{"count":22,"href":"https:\/\/krl.pedf.cuni.cz\/index.php\/wp-json\/wp\/v2\/pages\/315\/revisions"}],"predecessor-version":[{"id":4429,"href":"https:\/\/krl.pedf.cuni.cz\/index.php\/wp-json\/wp\/v2\/pages\/315\/revisions\/4429"}],"up":[{"embeddable":true,"href":"https:\/\/krl.pedf.cuni.cz\/index.php\/wp-json\/wp\/v2\/pages\/313"}],"wp:attachment":[{"href":"https:\/\/krl.pedf.cuni.cz\/index.php\/wp-json\/wp\/v2\/media?parent=315"}],"curies":[{"name":"wp","href":"https:\/\/api.w.org\/{rel}","templated":true}]}}