{"id":3921,"date":"2020-11-27T10:05:00","date_gmt":"2020-11-27T09:05:00","guid":{"rendered":"http:\/\/krl.pedf.cuni.cz\/?page_id=3921"},"modified":"2024-10-08T14:20:21","modified_gmt":"2024-10-08T12:20:21","slug":"studenti-se-specialnimi-potrebami","status":"publish","type":"page","link":"https:\/\/krl.pedf.cuni.cz\/index.php\/pro-studenty-2\/studenti-se-specialnimi-potrebami\/","title":{"rendered":"Studenti se speci\u00e1ln\u00edmi pot\u0159ebami"},"content":{"rendered":"\n<p>Katedra poskytuje slu\u017eby student\u016fm se speci\u00e1ln\u00edmi pot\u0159ebami. <\/p>\n\n\n\n<p>Kontaktn\u00ed osoba<br><strong>Mgr. et Mgr. Mariia Dobrova, Ph.D.<\/strong>&nbsp;(<a href=\"mailto:mariia.dobrova@pedf.cuni.cz\">mariia.dobrova@pedf.cuni.cz<\/a>).<\/p>\n\n\n\n<p>Dal\u0161\u00ed informace:<\/p>\n\n\n\n<ul class=\"wp-block-list\">\n<li><a href=\"https:\/\/pedf.cuni.cz\/PEDF-2089.html\" target=\"_blank\" rel=\"noreferrer noopener\"><strong>https:\/\/pedf.cuni.cz\/PEDF-2089.html<\/strong><\/a><strong> (poradna)<\/strong>\u200b<\/li>\n\n\n\n<li><a href=\"https:\/\/pedf.cuni.cz\/PEDF-217.html\" target=\"_blank\" rel=\"noreferrer noopener\"><strong>https:\/\/pedf.cuni.cz\/PEDF-217.html<\/strong><\/a><strong> (studenti se SP) <\/strong>\u200b<\/li>\n<\/ul>\n","protected":false},"excerpt":{"rendered":"<p>Katedra poskytuje slu\u017eby student\u016fm se speci\u00e1ln\u00edmi pot\u0159ebami. Kontaktn\u00ed osobaMgr. et Mgr. Mariia Dobrova, Ph.D.&nbsp;(mariia.dobrova@pedf.cuni.cz). Dal\u0161\u00ed informace:<\/p>\n","protected":false},"author":1,"featured_media":0,"parent":313,"menu_order":1,"comment_status":"closed","ping_status":"closed","template":"","meta":{"ngg_post_thumbnail":0,"footnotes":""},"class_list":["post-3921","page","type-page","status-publish","hentry"],"_links":{"self":[{"href":"https:\/\/krl.pedf.cuni.cz\/index.php\/wp-json\/wp\/v2\/pages\/3921"}],"collection":[{"href":"https:\/\/krl.pedf.cuni.cz\/index.php\/wp-json\/wp\/v2\/pages"}],"about":[{"href":"https:\/\/krl.pedf.cuni.cz\/index.php\/wp-json\/wp\/v2\/types\/page"}],"author":[{"embeddable":true,"href":"https:\/\/krl.pedf.cuni.cz\/index.php\/wp-json\/wp\/v2\/users\/1"}],"replies":[{"embeddable":true,"href":"https:\/\/krl.pedf.cuni.cz\/index.php\/wp-json\/wp\/v2\/comments?post=3921"}],"version-history":[{"count":4,"href":"https:\/\/krl.pedf.cuni.cz\/index.php\/wp-json\/wp\/v2\/pages\/3921\/revisions"}],"predecessor-version":[{"id":4393,"href":"https:\/\/krl.pedf.cuni.cz\/index.php\/wp-json\/wp\/v2\/pages\/3921\/revisions\/4393"}],"up":[{"embeddable":true,"href":"https:\/\/krl.pedf.cuni.cz\/index.php\/wp-json\/wp\/v2\/pages\/313"}],"wp:attachment":[{"href":"https:\/\/krl.pedf.cuni.cz\/index.php\/wp-json\/wp\/v2\/media?parent=3921"}],"curies":[{"name":"wp","href":"https:\/\/api.w.org\/{rel}","templated":true}]}}