{"id":4129,"date":"2021-06-12T21:00:53","date_gmt":"2021-06-12T19:00:53","guid":{"rendered":"http:\/\/krl.pedf.cuni.cz\/?page_id=4129"},"modified":"2024-11-10T21:21:03","modified_gmt":"2024-11-10T20:21:03","slug":"studentska-oborova-rada-rj","status":"publish","type":"page","link":"https:\/\/krl.pedf.cuni.cz\/index.php\/pro-studenty-2\/studentska-oborova-rada-rj\/","title":{"rendered":"Studentsk\u00e1 oborov\u00e1 rada RJ"},"content":{"rendered":"\n<p>Jsme skupina student\u016f, kter\u00e1 se rozhodla pod\u00edlet na chodu katedry KRL a zastupovat z\u00e1jmy v\u0161ech<br>ru\u0161tin\u00e1\u0159\u016f. Na\u0161\u00edm prim\u00e1rn\u00edm c\u00edlem je p\u0159edev\u0161\u00edm zlep\u0161it komunikaci mezi jednotliv\u00fdmi ro\u010dn\u00edky a<br>poskytnout jednotn\u00fd prostor pro aktivn\u00ed \u0159e\u0161en\u00ed jak\u00fdchkoliv podn\u011bt\u016f od student\u016f na\u0161\u00ed katedry.<\/p>\n\n\n\n<p>Sleduj na\u0161i str\u00e1nku na Facebooku, kde se v\u010das dozv\u00ed\u0161 v\u0161echny d\u016fle\u017eit\u00e9 informace a z\u00e1rove\u0148 bude\u0161<br>m\u00edt mo\u017enost se zeptat na cokoliv, co t\u011b zaj\u00edm\u00e1. A\u0165 u\u017e jsi na univerzit\u011b nov\u00e1\u010dkem, zku\u0161en\u00fdm rusistou<br>nebo uchaze\u010dem o studium, pom\u016f\u017eeme ti se v\u0161\u00edm, co bude t\u0159eba.<br><a href=\"https:\/\/www.facebook.com\/sorustina\" target=\"_blank\" rel=\"noreferrer noopener\">https:\/\/www.facebook.com\/sorustina<\/a><\/p>\n\n\n\n<p>A pokud soci\u00e1ln\u00edm s\u00edt\u00edm nefand\u00ed\u0161, ale p\u0159esto m\u00e1\u0161 jakoukoli p\u0159ipom\u00ednku \u010di dotaz, obra\u0165 se na n\u00e1\u0161 e-mail: sorustina@gmail.com<\/p>\n","protected":false},"excerpt":{"rendered":"<p>Jsme skupina student\u016f, kter\u00e1 se rozhodla pod\u00edlet na chodu katedry KRL a zastupovat z\u00e1jmy v\u0161echru\u0161tin\u00e1\u0159\u016f. Na\u0161\u00edm prim\u00e1rn\u00edm c\u00edlem je p\u0159edev\u0161\u00edm zlep\u0161it komunikaci mezi jednotliv\u00fdmi ro\u010dn\u00edky aposkytnout jednotn\u00fd prostor pro aktivn\u00ed \u0159e\u0161en\u00ed jak\u00fdchkoliv podn\u011bt\u016f od student\u016f na\u0161\u00ed katedry. Sleduj na\u0161i str\u00e1nku na Facebooku, kde se v\u010das dozv\u00ed\u0161 v\u0161echny d\u016fle\u017eit\u00e9 informace a z\u00e1rove\u0148 bude\u0161m\u00edt mo\u017enost se zeptat [&hellip;]<\/p>\n","protected":false},"author":1,"featured_media":0,"parent":313,"menu_order":0,"comment_status":"closed","ping_status":"closed","template":"","meta":{"ngg_post_thumbnail":0,"footnotes":""},"class_list":["post-4129","page","type-page","status-publish","hentry"],"_links":{"self":[{"href":"https:\/\/krl.pedf.cuni.cz\/index.php\/wp-json\/wp\/v2\/pages\/4129"}],"collection":[{"href":"https:\/\/krl.pedf.cuni.cz\/index.php\/wp-json\/wp\/v2\/pages"}],"about":[{"href":"https:\/\/krl.pedf.cuni.cz\/index.php\/wp-json\/wp\/v2\/types\/page"}],"author":[{"embeddable":true,"href":"https:\/\/krl.pedf.cuni.cz\/index.php\/wp-json\/wp\/v2\/users\/1"}],"replies":[{"embeddable":true,"href":"https:\/\/krl.pedf.cuni.cz\/index.php\/wp-json\/wp\/v2\/comments?post=4129"}],"version-history":[{"count":4,"href":"https:\/\/krl.pedf.cuni.cz\/index.php\/wp-json\/wp\/v2\/pages\/4129\/revisions"}],"predecessor-version":[{"id":4399,"href":"https:\/\/krl.pedf.cuni.cz\/index.php\/wp-json\/wp\/v2\/pages\/4129\/revisions\/4399"}],"up":[{"embeddable":true,"href":"https:\/\/krl.pedf.cuni.cz\/index.php\/wp-json\/wp\/v2\/pages\/313"}],"wp:attachment":[{"href":"https:\/\/krl.pedf.cuni.cz\/index.php\/wp-json\/wp\/v2\/media?parent=4129"}],"curies":[{"name":"wp","href":"https:\/\/api.w.org\/{rel}","templated":true}]}}