{"id":4409,"date":"2025-07-13T17:11:27","date_gmt":"2025-07-13T15:11:27","guid":{"rendered":"https:\/\/krl.pedf.cuni.cz\/?page_id=4409"},"modified":"2025-07-13T17:11:27","modified_gmt":"2025-07-13T15:11:27","slug":"mgr-et-mgr-mariia-dobrova-ph-d","status":"publish","type":"page","link":"https:\/\/krl.pedf.cuni.cz\/index.php\/pracovnici-2\/mgr-et-mgr-mariia-dobrova-ph-d\/","title":{"rendered":"Mgr. et Mgr. Mariia Dobrova, Ph.D."},"content":{"rendered":"\n<h3 class=\"wp-block-heading\">Oblast v\u011bdeck\u00e9ho z\u00e1jmu<\/h3>\n\n\n\n<p>str\u00e1nka se aktualizuje<\/p>\n\n\n\n<h2 class=\"wp-block-heading\">Publika\u010dn\u00ed \u010dinnost<\/h2>\n\n\n\n<h3 class=\"wp-block-heading\">A03. V\u011bdeck\u00e9 \u010dl\u00e1nky v \u010desk\u00fdch a slovensk\u00fdch \u010dasopisech bez IF<\/h3>\n\n\n\n<ul class=\"wp-block-list\">\n<li>str\u00e1nka se aktualizuje<\/li>\n<\/ul>\n","protected":false},"excerpt":{"rendered":"<p>Oblast v\u011bdeck\u00e9ho z\u00e1jmu str\u00e1nka se aktualizuje Publika\u010dn\u00ed \u010dinnost A03. V\u011bdeck\u00e9 \u010dl\u00e1nky v \u010desk\u00fdch a slovensk\u00fdch \u010dasopisech bez IF<\/p>\n","protected":false},"author":1,"featured_media":0,"parent":312,"menu_order":2,"comment_status":"closed","ping_status":"closed","template":"","meta":{"ngg_post_thumbnail":0,"footnotes":""},"class_list":["post-4409","page","type-page","status-publish","hentry"],"_links":{"self":[{"href":"https:\/\/krl.pedf.cuni.cz\/index.php\/wp-json\/wp\/v2\/pages\/4409"}],"collection":[{"href":"https:\/\/krl.pedf.cuni.cz\/index.php\/wp-json\/wp\/v2\/pages"}],"about":[{"href":"https:\/\/krl.pedf.cuni.cz\/index.php\/wp-json\/wp\/v2\/types\/page"}],"author":[{"embeddable":true,"href":"https:\/\/krl.pedf.cuni.cz\/index.php\/wp-json\/wp\/v2\/users\/1"}],"replies":[{"embeddable":true,"href":"https:\/\/krl.pedf.cuni.cz\/index.php\/wp-json\/wp\/v2\/comments?post=4409"}],"version-history":[{"count":1,"href":"https:\/\/krl.pedf.cuni.cz\/index.php\/wp-json\/wp\/v2\/pages\/4409\/revisions"}],"predecessor-version":[{"id":4410,"href":"https:\/\/krl.pedf.cuni.cz\/index.php\/wp-json\/wp\/v2\/pages\/4409\/revisions\/4410"}],"up":[{"embeddable":true,"href":"https:\/\/krl.pedf.cuni.cz\/index.php\/wp-json\/wp\/v2\/pages\/312"}],"wp:attachment":[{"href":"https:\/\/krl.pedf.cuni.cz\/index.php\/wp-json\/wp\/v2\/media?parent=4409"}],"curies":[{"name":"wp","href":"https:\/\/api.w.org\/{rel}","templated":true}]}}