{"id":983,"date":"2013-12-06T01:43:02","date_gmt":"2013-12-06T00:43:02","guid":{"rendered":"http:\/\/userweb.pedf.cuni.cz\/krl\/?page_id=983"},"modified":"2024-10-08T14:16:37","modified_gmt":"2024-10-08T12:16:37","slug":"publikace","status":"publish","type":"page","link":"https:\/\/krl.pedf.cuni.cz\/index.php\/publikace\/","title":{"rendered":"Publikace"},"content":{"rendered":"\n<h3 class=\"wp-block-heading\">Elektronick\u00e9 publikace &#8211; ke sta\u017een\u00ed<\/h3>\n\n\n\n<ul class=\"wp-block-list\">\n<li>bude dopln\u011bno<\/li>\n<\/ul>\n\n\n\n<h3 class=\"wp-block-heading\">Online publikace<\/h3>\n\n\n\n<ul class=\"wp-block-list\">\n<li><a href=\"https:\/\/pedf.cuni.futurebooks.cz\/detail-knihy\/190-fonetika-a-fonologie-soucasneho-ruskeho-jazyka\" target=\"_blank\" rel=\"noreferrer noopener\"><strong>Fonetika a fonologie sou\u010dasn\u00e9ho rusk\u00e9ho jazyka<\/strong><\/a> &#8211; 2. akt. a dop. vyd\u00e1n\u00ed (J. Kone\u010dn\u00fd)<\/li>\n\n\n\n<li><a href=\"https:\/\/publi.cz\/books\/463\/index.html?secured=false#cover\"><strong>Fonetika a fonologie sou\u010dasn\u00e9ho rusk\u00e9ho jazyka<\/strong>: vybran\u00e9 kapitoly<\/a> (J. Kone\u010dn\u00fd) <\/li>\n\n\n\n<li><strong><a href=\"https:\/\/pedf.cuni.futurebooks.cz\/detail-knihy\/7-didaktika-fonetiki-i-grafiki-v-pedagogicheskoj-praktike\" target=\"_blank\" rel=\"noreferrer noopener\">Didaktika fonetiky a grafiky v pedagogick\u00e9 praxi<\/a><\/strong> (J. Kone\u010dn\u00fd, L. Rozboudov\u00e1)<\/li>\n\n\n\n<li><a href=\"https:\/\/cuni.futurebooks.cz\/detail-knihy\/kulturnaya-istoriya-rossii-kulturni-historie-ruska\" target=\"_blank\" rel=\"noreferrer noopener\"><strong>\u041a\u0443\u043b\u044c\u0442\u0443\u0440\u043d\u0430\u044f \u0438\u0441\u0442\u043e\u0440\u0438\u044f \u0420\u043e\u0441\u0441\u0438\u0438 (Kulturn\u00ed historie Ruska)<\/strong><\/a> (N. Getmanenko, L. Rozboudov\u00e1, E. Vasilyeva)<\/li>\n\n\n\n<li><strong class=\"\"><a href=\"https:\/\/cuni.futurebooks.cz\/detail-knihy\/morfologiya-sovremennogo-russkogo-literaturnogo-yazyka-vvedenie-i-glagol-morfologie-soucasneho-ruskeho-spisovneho-jazyka-uvod-sloveso\" target=\"_blank\" rel=\"noreferrer noopener\">\u041c\u043e\u0440\u0444\u043e\u043b\u043e\u0433\u0438\u044f \u0441\u043e\u0432\u0440\u0435\u043c\u0435\u043d\u043d\u043e\u0433\u043e \u0440\u0443\u0441\u0441\u043a\u043e\u0433\u043e \u043b\u0438\u0442\u0435\u0440\u0430\u0442\u0443\u0440\u043d\u043e\u0433\u043e \u044f\u0437\u044b\u043a\u0430: \u0432\u0432\u0435\u0434\u0435\u043d\u0438\u0435 \u0438 \u0433\u043b\u0430\u0433\u043e\u043b (Morfologie sou\u010dasn\u00e9ho rusk\u00e9ho spisovn\u00e9ho jazyka: \u00favod a sloveso)<\/a><\/strong> (J. Kone\u010dn\u00fd)<\/li>\n\n\n\n<li><strong class=\"\"><a href=\"https:\/\/cuni.futurebooks.cz\/detail-knihy\/morfologie-soucasneho-ruskeho-jazyka-pro-ucitele-2\" target=\"_blank\" rel=\"noreferrer noopener\">\u041c\u043e\u0440\u0444\u043e\u043b\u043e\u0433\u0438\u044f \u0441\u043e\u0432\u0440\u0435\u043c\u0435\u043d\u043d\u043e\u0433\u043e \u0440\u0443\u0441\u0441\u043a\u043e\u0433\u043e \u043b\u0438\u0442\u0435\u0440\u0430\u0442\u0443\u0440\u043d\u043e\u0433\u043e \u044f\u0437\u044b\u043a\u0430: \u0438\u043c\u0435\u043d\u043d\u044b\u0435 \u0447\u0430\u0441\u0442\u0438 \u0440\u0435\u0447\u0438, \u043d\u0430\u0440\u0435\u0447\u0438\u0435, \u043d\u0435\u043f\u043e\u043b\u043d\u043e\u0437\u043d\u0430\u043c\u0435\u043d\u0430\u0442\u0435\u043b\u044c\u043d\u044b\u0435 \u0447\u0430\u0441\u0442\u0438 \u0440\u0435\u0447\u0438 (Morfologie sou\u010dasn\u00e9 spisovn\u00e9 ru\u0161tiny: jmenn\u00e9 slovn\u00ed druhy, p\u0159\u00edslovce, neplnov\u00fdznamov\u00e9 slovn\u00ed druhy)<\/a><\/strong> (J. Kone\u010dn\u00fd)<\/li>\n\n\n\n<li><strong><a href=\"https:\/\/cuni.futurebooks.cz\/detail-knihy\/leksikologiya-sovremennogo-russkogo-literaturnogo-yazyka-vvedenie-i-semasiologiya\" target=\"_blank\" rel=\"noreferrer noopener\">\u041b\u0435\u043a\u0441\u0438\u043a\u043e\u043b\u043e\u0433\u0438\u044f \u0441\u043e\u0432\u0440\u0435\u043c\u0435\u043d\u043d\u043e\u0433\u043e \u0440\u0443\u0441\u0441\u043a\u043e\u0433\u043e \u043b\u0438\u0442\u0435\u0440\u0430\u0442\u0443\u0440\u043d\u043e\u0433\u043e \u044f\u0437\u044b\u043a\u0430: \u0432\u0432\u0435\u0434\u0435\u043d\u0438\u0435 \u0438 \u0441\u0435\u043c\u0430\u0441\u0438\u043e\u043b\u043e\u0433\u0438\u044f<\/a><\/strong> (L. Rozboudov\u00e1)<\/li>\n\n\n\n<li><strong class=\"\"><a href=\"https:\/\/cuni.futurebooks.cz\/detail-knihy\/leksikologiya-sovremennogo-russkogo-literaturnogo-yazyka-onomasiologiya-klassifikaciya-slovarnogo-zapasa-russkogo-yazyka-frazeologiya\" target=\"_blank\" rel=\"noreferrer noopener\">\u041b\u0435\u043a\u0441\u0438\u043a\u043e\u043b\u043e\u0433\u0438\u044f \u0441\u043e\u0432\u0440\u0435\u043c\u0435\u043d\u043d\u043e\u0433\u043e \u0440\u0443\u0441\u0441\u043a\u043e\u0433\u043e \u043b\u0438\u0442\u0435\u0440\u0430\u0442\u0443\u0440\u043d\u043e\u0433\u043e \u044f\u0437\u044b\u043a\u0430: \u043e\u043d\u043e\u043c\u0430\u0441\u0438\u043e\u043b\u043e\u0433\u0438\u044f, \u043a\u043b\u0430\u0441\u0441\u0438\u0444\u0438\u043a\u0430\u0446\u0438\u044f \u0441\u043b\u043e\u0432\u0430\u0440\u043d\u043e\u0433\u043e \u0437\u0430\u043f\u0430\u0441\u0430 \u0440\u0443\u0441\u0441\u043a\u043e\u0433\u043e \u044f\u0437\u044b\u043a\u0430, \u0444\u0440\u0430\u0437\u0435\u043e\u043b\u043e\u0433\u0438\u044f<\/a><\/strong> (L. Rozboudov\u00e1)<\/li>\n\n\n\n<li><strong class=\"\"><a href=\"https:\/\/cuni.futurebooks.cz\/detail-knihy\/cviceni-ze-syntaxe-ruskeho-jazyka-1\" target=\"_blank\" rel=\"noreferrer noopener\">Cvi\u010den\u00ed ze syntaxe rusk\u00e9ho jazyka 1<\/a><\/strong> (Z. Lipt\u00e1kov\u00e1)<\/li>\n\n\n\n<li><strong><a href=\"https:\/\/vydavatelstvi.pedf.cuni.cz\/index.php\/2022\/02\/08\/eebook\/\" target=\"_blank\" rel=\"noreferrer noopener\">\u0412\u043e\u043b\u0448\u0435\u0431\u043d\u044b\u0439 \u0441\u0432\u0435\u0442 \u0434\u0435\u0442\u0441\u043a\u043e\u0439 \u043b\u0438\u0442\u0435\u0440\u0430\u0442\u0443\u0440\u044b: \u0442\u0435\u043a\u0441\u0442-\u043e\u0431\u0440\u0430\u0437-\u0437\u0432\u0443\u043a \u0432 \u0434\u0435\u0442\u0441\u043a\u043e\u0439 \u043b\u0438\u0442\u0435\u0440\u0430\u0442\u0443\u0440\u0435 \u0438 \u043e\u0431\u0443\u0447\u0435\u043d\u0438\u0438 \u0420\u041a\u0418<\/a><\/strong> (L. Rozboudov\u00e1, E. Vasilyeva a kol.)<\/li>\n\n\n\n<li><strong><a href=\"https:\/\/vydavatelstvi.pedf.cuni.cz\/index.php\/2023\/02\/17\/3d-flip-book-modefullscreen-id794-3d-flip-book\/\" target=\"_blank\" rel=\"noreferrer noopener\">\u041a\u043e\u043d\u0446\u0435\u043f\u0442\u043d\u044b\u0439 \u043f\u043e\u0434\u0445\u043e\u0434 \u043f\u0440\u0438 \u043e\u0431\u0443\u0447\u0435\u043d\u0438\u0438 \u0438\u043d\u043e\u0441\u0442\u0440\u0430\u043d\u043d\u044b\u043c \u044f\u0437\u044b\u043a\u0430\u043c<\/a><\/strong> (N. Getmanenko, L. Rozboudov\u00e1)<\/li>\n<\/ul>\n\n\n\n<h3 class=\"wp-block-heading\">Publikace v autorstv\u00ed \u010di spoluautorstv\u00ed \u010dlen\u016f katedry<\/h3>\n\n\n\n<ul class=\"wp-block-list\">\n<li>U\u010debn\u00ed soubor <strong>Pojechali<\/strong> (H. \u017dofkov\u00e1, Z. Lipt\u00e1kov\u00e1, K. Eibenov\u00e1, J. \u0160aroch)<\/li>\n\n\n\n<li>U\u010debn\u00ed soubor <strong>Raduga po-novomu<\/strong> (S. Jel\u00ednek, L. F. Alexejeva, R. H\u0159\u00edbkov\u00e1, H. \u017dofkov\u00e1) <\/li>\n\n\n\n<li>U\u010debn\u00ed soubor <strong>Raduga plus<\/strong> (S. Jel\u00ednek, R. H\u0159\u00edbkov\u00e1, Z. Lipt\u00e1kov\u00e1, H. \u017dofkov\u00e1)<\/li>\n\n\n\n<li><strong>Ru\u0161tina pro samouky<\/strong> (R. H\u0159\u00edbkov\u00e1, Z. Lipt\u00e1kov\u00e1) <\/li>\n\n\n\n<li><strong>Rusk\u00fd jazyk v kostce<\/strong> (R. H\u0159\u00edbkov\u00e1, A. Hlav\u00e1\u010dek) <\/li>\n\n\n\n<li><strong>Rusk\u00e1 gramatika ve cvi\u010den\u00edch<\/strong> (M. Csirikov\u00e1) <\/li>\n\n\n\n<li><strong>Rusko-\u010desk\u00fd pr\u00e1vnick\u00fd slovn\u00edk<\/strong> (M. Csirikov\u00e1) <\/li>\n\n\n\n<li><strong>Rusko-\u010desk\u00fd, \u010desko-rusk\u00fd slovn\u00edk s d\u016frazem na u\u017eit\u00ed ve v\u011bt\u00e1ch<\/strong> (M. Csirikov\u00e1)<\/li>\n\n\n\n<li><strong>Odborn\u00fd p\u0159eklad v praxi<\/strong> &#8211; Cvi\u010den\u00ed texty pro rusisty (M. Csirikov\u00e1)<\/li>\n\n\n\n<li><strong>Odborn\u00fd slovn\u00edk rusko-\u010desk\u00fd<\/strong>: ekonomika, politika, pr\u00e1vo (M. Csirikov\u00e1) <\/li>\n\n\n\n<li><strong>Rusk\u00e1 kultura v historick\u00e9m kontextu<\/strong> (IX. &#8211; XX. stol.) (A. Hlav\u00e1\u010dek, T. I. Balakina) <\/li>\n\n\n\n<li><strong>Ru\u0161tina v praxi<\/strong> (M. Csirikov\u00e1) <\/li>\n\n\n\n<li><strong>Odborn\u00fd p\u0159eklad v pr\u00e1vn\u00ed praxi<\/strong> (na rusko-\u010desk\u00e9m materi\u00e1le) (M. Csirikov\u00e1) <\/li>\n\n\n\n<li><strong>Cvi\u010den\u00ed a \u00falohy z rusk\u00e9ho pravopisu<\/strong> (H. \u017dofkov\u00e1) <\/li>\n\n\n\n<li><strong>Zr\u00e1dn\u00e1 slova v ru\u0161tin\u011b<\/strong>: slovn\u00edk rusko-\u010desk\u00fdch homonym (M. Csirikov\u00e1)  <\/li>\n\n\n\n<li><strong>Praktick\u00e1 fonetika rusk\u00e9ho jazyka pro budouc\u00ed u\u010ditele<\/strong> (J. Kone\u010dn\u00fd) <\/li>\n\n\n\n<li><strong>Rusk\u00fd jazyk &#8211; Praktick\u00e1 cvi\u010den\u00ed a re\u00e1lie I<\/strong> (Z. Lipt\u00e1kov\u00e1, A. Hlav\u00e1\u010dek, R. H\u0159\u00edbkov\u00e1) <\/li>\n\n\n\n<li><strong>Rusk\u00fd jazyk &#8211; Jazykov\u00e1 cvi\u010den\u00ed a re\u00e1lie II<\/strong>: Rodina, zam\u011bstn\u00e1n\u00ed, voln\u00fd \u010das, kultura, sport (L. Rozboudov\u00e1, J. Kone\u010dn\u00fd) <\/li>\n\n\n\n<li><strong>Rusk\u00fd jazyk &#8211; Jazykov\u00e1 cvi\u010den\u00ed a re\u00e1lie III<\/strong> (A. Hlav\u00e1\u010dek, Z. Lipt\u00e1kov\u00e1) <\/li>\n\n\n\n<li><strong>Modern\u00ed didaktika ru\u0161tiny jako dal\u0161\u00edho ciz\u00edho jazyka<\/strong> &#8211; jazykov\u00e9 prost\u0159edky (L. Rozboudov\u00e1, J. Kone\u010dn\u00fd) <\/li>\n\n\n\n<li><strong>Modern\u00ed didaktika ru\u0161tiny jako dal\u0161\u00edho ciz\u00edho jazyka<\/strong> &#8211; \u0159e\u010dov\u00e9 dovednosti (L. Rozboudov\u00e1)<\/li>\n\n\n\n<li><strong>Modern\u00ed didaktika ru\u0161tiny jako dal\u0161\u00edho ciz\u00edho jazyka<\/strong> &#8211; aktu\u00e1ln\u00ed t\u00e9mata (L. Rozboudov\u00e1, J. Kone\u010dn\u00fd)<\/li>\n\n\n\n<li><strong>Rusk\u00fd jazyk &#8211; Jazykov\u00e1 cvi\u010den\u00ed a re\u00e1lie IV<\/strong> (Z. Lipt\u00e1kov\u00e1, A. Hlav\u00e1\u010dek)<\/li>\n<\/ul>\n","protected":false},"excerpt":{"rendered":"<p>Elektronick\u00e9 publikace &#8211; ke sta\u017een\u00ed Online publikace Publikace v autorstv\u00ed \u010di spoluautorstv\u00ed \u010dlen\u016f katedry<\/p>\n","protected":false},"author":1,"featured_media":0,"parent":0,"menu_order":12,"comment_status":"closed","ping_status":"closed","template":"","meta":{"ngg_post_thumbnail":0,"footnotes":""},"class_list":["post-983","page","type-page","status-publish","hentry"],"_links":{"self":[{"href":"https:\/\/krl.pedf.cuni.cz\/index.php\/wp-json\/wp\/v2\/pages\/983"}],"collection":[{"href":"https:\/\/krl.pedf.cuni.cz\/index.php\/wp-json\/wp\/v2\/pages"}],"about":[{"href":"https:\/\/krl.pedf.cuni.cz\/index.php\/wp-json\/wp\/v2\/types\/page"}],"author":[{"embeddable":true,"href":"https:\/\/krl.pedf.cuni.cz\/index.php\/wp-json\/wp\/v2\/users\/1"}],"replies":[{"embeddable":true,"href":"https:\/\/krl.pedf.cuni.cz\/index.php\/wp-json\/wp\/v2\/comments?post=983"}],"version-history":[{"count":11,"href":"https:\/\/krl.pedf.cuni.cz\/index.php\/wp-json\/wp\/v2\/pages\/983\/revisions"}],"predecessor-version":[{"id":4392,"href":"https:\/\/krl.pedf.cuni.cz\/index.php\/wp-json\/wp\/v2\/pages\/983\/revisions\/4392"}],"wp:attachment":[{"href":"https:\/\/krl.pedf.cuni.cz\/index.php\/wp-json\/wp\/v2\/media?parent=983"}],"curies":[{"name":"wp","href":"https:\/\/api.w.org\/{rel}","templated":true}]}}